{"id":1188,"date":"2021-08-02T10:21:08","date_gmt":"2021-08-02T10:21:08","guid":{"rendered":"https:\/\/peeb.99grad.dev\/imprint\/"},"modified":"2021-09-15T12:34:05","modified_gmt":"2021-09-15T10:34:05","slug":"imprint","status":"publish","type":"page","link":"https:\/\/www.peeb-bagpipes.com\/en\/imprint\/","title":{"rendered":"Imprint"},"content":{"rendered":"<p>[et_pb_section fb_built=&#8221;1&#8243; _builder_version=&#8221;4.9.7&#8243; _module_preset=&#8221;default&#8221; custom_padding=&#8221;||103px|||&#8221; global_colors_info=&#8221;{}&#8221;][et_pb_row use_custom_gutter=&#8221;on&#8221; gutter_width=&#8221;2&#8243; make_equal=&#8221;on&#8221; _builder_version=&#8221;4.9.7&#8243; width=&#8221;90%&#8221; width_tablet=&#8221;90%&#8221; width_phone=&#8221;90%&#8221; width_last_edited=&#8221;on|tablet&#8221; max_width=&#8221;1120px&#8221; max_width_tablet=&#8221;90%&#8221; max_width_phone=&#8221;90%&#8221; max_width_last_edited=&#8221;on|desktop&#8221; locked=&#8221;off&#8221; global_colors_info=&#8221;{}&#8221;][et_pb_column type=&#8221;4_4&#8243; _builder_version=&#8221;4.9.7&#8243; global_colors_info=&#8221;{}&#8221;][et_pb_text _builder_version=&#8221;4.9.7&#8243; text_font=&#8221;Roboto||||||||&#8221; header_font=&#8221;Roboto||||||||&#8221; header_3_font=&#8221;Poppins||||||||&#8221; header_3_text_align=&#8221;center&#8221; header_3_text_color=&#8221;#222222&#8243; header_3_font_size=&#8221;40px&#8221; header_3_line_height=&#8221;1.3em&#8221; max_width=&#8221;782px&#8221; module_alignment=&#8221;center&#8221; custom_margin=&#8221;|||0px|false|false&#8221; header_3_font_size_tablet=&#8221;&#8221; header_3_font_size_phone=&#8221;30px&#8221; header_3_font_size_last_edited=&#8221;on|phone&#8221; global_colors_info=&#8221;{}&#8221;]<\/p>\n<h3>Imprint<\/h3>\n<p>[\/et_pb_text][et_pb_divider color=&#8221;#C7D300&#8243; divider_weight=&#8221;2px&#8221; _builder_version=&#8221;4.9.7&#8243; max_width=&#8221;140px&#8221; module_alignment=&#8221;center&#8221; custom_margin=&#8221;0px||||false|false&#8221; custom_margin_tablet=&#8221;-25px||||false|false&#8221; custom_margin_phone=&#8221;-25px||||false|false&#8221; custom_margin_last_edited=&#8221;on|phone&#8221; global_colors_info=&#8221;{}&#8221;][\/et_pb_divider][et_pb_text _builder_version=&#8221;4.9.7&#8243; _module_preset=&#8221;default&#8221; text_font=&#8221;Poppins|300|||||||&#8221; text_font_size=&#8221;18px&#8221; text_line_height=&#8221;1.6em&#8221; global_colors_info=&#8221;{}&#8221;]<\/p>\n<div>\n<div>\n<div>\n<div>\n<div class=\"default-style\">\n<div class=\"j-module n j-header\">\n<div class=\"default-style\">\n<h3>Information pursuant to Sect. 5 German Telemedia Act (TMG)<\/h3>\n<p>P\u00ecob is Ce\u00f2l UG (haftungsbeschr\u00e4nkt)<br \/>Hauptstr. 68<br \/>65719 Hofheim<\/p>\n<p>VAT identification number: DE345350599<br \/>Commercial Register: HRB 123531<br \/>Registration court: Amtsgericht Frankfurt am Main<\/p>\n<p>&nbsp;<\/p>\n<h3>Represented by:<\/h3>\n<p>Thomas Z\u00f6ller<\/p>\n<p>&nbsp;<\/p>\n<h3>Contact<\/h3>\n<p>Phone: +49 (0) 61 92 &#8211; 90 27 30<br \/>E-mail: <a href=\"mailto:info@peeb-bagpipes.com\">info@peeb-bagpipes.com<\/a><\/p>\n<h2>Person responsible for editorial<\/h2>\n<p>Thomas Z\u00f6ller<\/p>\n<h3>EU dispute resolution<\/h3>\n<p>The European Commission provides a platform for online dispute resolution (ODR):\u00a0<a href=\"https:\/\/ec.europa.eu\/consumers\/odr\/\" target=\"_blank\" rel=\"noopener noreferrer\">https:\/\/ec.europa.eu\/consumers\/odr\/<\/a>.<br \/>Our e-mail address can be found above in the site notice.<\/p>\n<h3>Dispute resolution proceedings in front of a consumer arbitration board<\/h3>\n<p>We are not willing or obliged to participate in dispute resolution proceedings in front of a consumer arbitration board.<\/p>\n<\/div>\n<\/div>\n<\/div>\n<\/div>\n<\/div>\n<\/div>\n<\/div>\n<div>\n<div>\n<div>\n<div>\n<div class=\"default-style\">\n<div class=\"j-module n j-header\">\n<div class=\"default-style\">\u00a0<\/div>\n<\/div>\n<\/div>\n<\/div>\n<\/div>\n<\/div>\n<\/div>\n<p>[\/et_pb_text][\/et_pb_column][\/et_pb_row][\/et_pb_section]<\/p>\n","protected":false},"excerpt":{"rendered":"<p>Imprint Information pursuant to Sect. 5 German Telemedia Act (TMG) P\u00ecob is Ce\u00f2l UG (haftungsbeschr\u00e4nkt)Hauptstr. 6865719 Hofheim VAT identification number: DE345350599Commercial Register: HRB 123531Registration court: Amtsgericht Frankfurt am Main &nbsp; Represented by: Thomas Z\u00f6ller &nbsp; Contact Phone: +49 (0) 61 92 &#8211; 90 27 30E-mail: info@peeb-bagpipes.com Person responsible for editorial Thomas Z\u00f6ller EU dispute resolution [&hellip;]<\/p>\n","protected":false},"author":2,"featured_media":0,"parent":0,"menu_order":0,"comment_status":"closed","ping_status":"closed","template":"","meta":{"_et_pb_use_builder":"on","_et_pb_old_content":"","_et_gb_content_width":"","footnotes":""},"class_list":["post-1188","page","type-page","status-publish","hentry"],"_links":{"self":[{"href":"https:\/\/www.peeb-bagpipes.com\/en\/wp-json\/wp\/v2\/pages\/1188","targetHints":{"allow":["GET"]}}],"collection":[{"href":"https:\/\/www.peeb-bagpipes.com\/en\/wp-json\/wp\/v2\/pages"}],"about":[{"href":"https:\/\/www.peeb-bagpipes.com\/en\/wp-json\/wp\/v2\/types\/page"}],"author":[{"embeddable":true,"href":"https:\/\/www.peeb-bagpipes.com\/en\/wp-json\/wp\/v2\/users\/2"}],"replies":[{"embeddable":true,"href":"https:\/\/www.peeb-bagpipes.com\/en\/wp-json\/wp\/v2\/comments?post=1188"}],"version-history":[{"count":9,"href":"https:\/\/www.peeb-bagpipes.com\/en\/wp-json\/wp\/v2\/pages\/1188\/revisions"}],"predecessor-version":[{"id":1973,"href":"https:\/\/www.peeb-bagpipes.com\/en\/wp-json\/wp\/v2\/pages\/1188\/revisions\/1973"}],"wp:attachment":[{"href":"https:\/\/www.peeb-bagpipes.com\/en\/wp-json\/wp\/v2\/media?parent=1188"}],"curies":[{"name":"wp","href":"https:\/\/api.w.org\/{rel}","templated":true}]}}